{"id":113,"date":"2025-10-16T14:09:16","date_gmt":"2025-10-16T14:09:16","guid":{"rendered":"https:\/\/neumanor.cl\/?post_type=product&#038;p=113"},"modified":"2025-10-16T15:40:28","modified_gmt":"2025-10-16T15:40:28","slug":"grandstone-gt-168-295-80r22-5","status":"publish","type":"product","link":"https:\/\/neumanor.cl\/index.php\/producto\/grandstone-gt-168-295-80r22-5\/","title":{"rendered":"Grandstone GT 168 295\/80R22.5"},"content":{"rendered":"<p>TALLA: 18PR<\/p>\n<p>Posici\u00f3n del Neumatico: Mixta<\/p>\n<p>&nbsp;<\/p>\n<p>El patr\u00f3n tradicional de tres l\u00edneas de la banda de rodadura GT168 295\/80R22.5 es una excelente opci\u00f3n para veh\u00edculos comerciales como camiones, autobuses y autocares. El dise\u00f1o de la banda de rodadura proporciona una excelente tracci\u00f3n y poder de agarre tanto en superficies secas como mojadas, lo que lo hace ideal para transporte de larga distancia, construcci\u00f3n y servicios de entrega rural.<\/p>\n<p><strong>DIRECCION<\/strong>: ANIBAL CELEDON 1234 ARICA<br \/>\n<strong>CORREO ELECTRONICO<\/strong>: neumanor@gmail.com<br \/>\n<strong>TELEFONO:<\/strong><\/p>\n<ul>\n<li>MOISES VENEGAS 56 998700475<\/li>\n<li>CRISTOBAL VENEGAS 56 956448722<\/li>\n<\/ul>\n","protected":false},"excerpt":{"rendered":"<p>TALLA: 18PR Posici\u00f3n del Neumatico: Mixta &nbsp; El patr\u00f3n tradicional de tres l\u00edneas de la banda de rodadura GT168 295\/80R22.5 es una excelente opci\u00f3n para veh\u00edculos comerciales como camiones, autobuses y autocares. El dise\u00f1o de la banda de rodadura proporciona una excelente tracci\u00f3n y poder de agarre tanto en superficies secas como mojadas, lo que [&hellip;]<\/p>\n","protected":false},"featured_media":126,"comment_status":"open","ping_status":"closed","template":"","meta":{"_et_pb_use_builder":"","_et_pb_old_content":"","_et_gb_content_width":""},"product_brand":[19],"product_cat":[20,21],"product_tag":[],"class_list":{"0":"post-113","1":"product","2":"type-product","3":"status-publish","4":"has-post-thumbnail","6":"product_brand-grandstone","7":"product_cat-camiones","8":"product_cat-camiones-y-autobuses","10":"first","11":"instock","12":"shipping-taxable","13":"product-type-simple"},"_links":{"self":[{"href":"https:\/\/neumanor.cl\/index.php\/wp-json\/wp\/v2\/product\/113","targetHints":{"allow":["GET"]}}],"collection":[{"href":"https:\/\/neumanor.cl\/index.php\/wp-json\/wp\/v2\/product"}],"about":[{"href":"https:\/\/neumanor.cl\/index.php\/wp-json\/wp\/v2\/types\/product"}],"replies":[{"embeddable":true,"href":"https:\/\/neumanor.cl\/index.php\/wp-json\/wp\/v2\/comments?post=113"}],"wp:featuredmedia":[{"embeddable":true,"href":"https:\/\/neumanor.cl\/index.php\/wp-json\/wp\/v2\/media\/126"}],"wp:attachment":[{"href":"https:\/\/neumanor.cl\/index.php\/wp-json\/wp\/v2\/media?parent=113"}],"wp:term":[{"taxonomy":"product_brand","embeddable":true,"href":"https:\/\/neumanor.cl\/index.php\/wp-json\/wp\/v2\/product_brand?post=113"},{"taxonomy":"product_cat","embeddable":true,"href":"https:\/\/neumanor.cl\/index.php\/wp-json\/wp\/v2\/product_cat?post=113"},{"taxonomy":"product_tag","embeddable":true,"href":"https:\/\/neumanor.cl\/index.php\/wp-json\/wp\/v2\/product_tag?post=113"}],"curies":[{"name":"wp","href":"https:\/\/api.w.org\/{rel}","templated":true}]}}