{"id":134,"date":"2025-10-16T15:20:00","date_gmt":"2025-10-16T15:20:00","guid":{"rendered":"https:\/\/neumanor.cl\/?post_type=product&#038;p=134"},"modified":"2025-10-16T15:40:09","modified_gmt":"2025-10-16T15:40:09","slug":"grandstone-gt-889-295-80r22-5-ss658","status":"publish","type":"product","link":"https:\/\/neumanor.cl\/index.php\/producto\/grandstone-gt-889-295-80r22-5-ss658\/","title":{"rendered":"Grandstone GT 889 295\/ 80R22.5 SS658"},"content":{"rendered":"<p>Comprar el neum\u00e1tico GT889 para todas las posiciones de nuestra empresa ofrece varias ventajas impresionantes. En primer lugar, es vers\u00e1til y se puede usar en cualquier posici\u00f3n de rueda, lo que lo convierte en una excelente opci\u00f3n para diversos tipos de veh\u00edculos. Adem\u00e1s, ofrece una excelente direcci\u00f3n y rendimiento antideslizante, lo que garantiza una conducci\u00f3n segura y suave.<\/p>\n<p><strong>DIRECCION<\/strong>: ANIBAL CELEDON 1234 ARICA<br \/>\n<strong>CORREO ELECTRONICO<\/strong>: neumanor@gmail.com<br \/>\n<strong>TELEFONO:<\/strong><\/p>\n<ul>\n<li>MOISES VENEGAS 56 998700475<\/li>\n<li>CRISTOBAL VENEGAS 56 956448722<\/li>\n<\/ul>\n","protected":false},"excerpt":{"rendered":"<p>Comprar el neum\u00e1tico GT889 para todas las posiciones de nuestra empresa ofrece varias ventajas impresionantes. En primer lugar, es vers\u00e1til y se puede usar en cualquier posici\u00f3n de rueda, lo que lo convierte en una excelente opci\u00f3n para diversos tipos de veh\u00edculos. Adem\u00e1s, ofrece una excelente direcci\u00f3n y rendimiento antideslizante, lo que garantiza una conducci\u00f3n [&hellip;]<\/p>\n","protected":false},"featured_media":130,"comment_status":"open","ping_status":"closed","template":"","meta":{"_et_pb_use_builder":"","_et_pb_old_content":"","_et_gb_content_width":""},"product_brand":[19],"product_cat":[20,21],"product_tag":[],"class_list":{"0":"post-134","1":"product","2":"type-product","3":"status-publish","4":"has-post-thumbnail","6":"product_brand-grandstone","7":"product_cat-camiones","8":"product_cat-camiones-y-autobuses","10":"first","11":"instock","12":"shipping-taxable","13":"product-type-simple"},"_links":{"self":[{"href":"https:\/\/neumanor.cl\/index.php\/wp-json\/wp\/v2\/product\/134","targetHints":{"allow":["GET"]}}],"collection":[{"href":"https:\/\/neumanor.cl\/index.php\/wp-json\/wp\/v2\/product"}],"about":[{"href":"https:\/\/neumanor.cl\/index.php\/wp-json\/wp\/v2\/types\/product"}],"replies":[{"embeddable":true,"href":"https:\/\/neumanor.cl\/index.php\/wp-json\/wp\/v2\/comments?post=134"}],"wp:featuredmedia":[{"embeddable":true,"href":"https:\/\/neumanor.cl\/index.php\/wp-json\/wp\/v2\/media\/130"}],"wp:attachment":[{"href":"https:\/\/neumanor.cl\/index.php\/wp-json\/wp\/v2\/media?parent=134"}],"wp:term":[{"taxonomy":"product_brand","embeddable":true,"href":"https:\/\/neumanor.cl\/index.php\/wp-json\/wp\/v2\/product_brand?post=134"},{"taxonomy":"product_cat","embeddable":true,"href":"https:\/\/neumanor.cl\/index.php\/wp-json\/wp\/v2\/product_cat?post=134"},{"taxonomy":"product_tag","embeddable":true,"href":"https:\/\/neumanor.cl\/index.php\/wp-json\/wp\/v2\/product_tag?post=134"}],"curies":[{"name":"wp","href":"https:\/\/api.w.org\/{rel}","templated":true}]}}