{"id":135,"date":"2025-10-16T15:38:54","date_gmt":"2025-10-16T15:38:54","guid":{"rendered":"https:\/\/neumanor.cl\/?post_type=product&#038;p=135"},"modified":"2025-10-16T21:10:15","modified_gmt":"2025-10-16T21:10:15","slug":"grandstone-gt-178-315-80-225","status":"publish","type":"product","link":"https:\/\/neumanor.cl\/index.php\/producto\/grandstone-gt-178-315-80-225\/","title":{"rendered":"Grandstone GT 178 315\/80\/22,5"},"content":{"rendered":"<h2 class=\"hmarcas\"><small>Cami\u00f3n y Autob\u00fas<\/small><br \/>\n<span style=\"font-size: 18.3333px;\">Posici\u00f3n Mixta<br \/>\n<\/span><b style=\"color: #666666; font-size: 14px;\">Profundidad de la banda de rodamiento:<\/b><span style=\"color: #666666; font-size: 14px;\">18\/32nds<\/span><\/h2>\n<div class=\"product-short-description\">\n<div class=\"col-lg-12\"><b>\u00cdndice de carga:<\/b>\u00a04125 kg\/9090 lb<\/div>\n<p><b>\u00cdndice de carga dual:<\/b>\u00a03750 kg\/8270 lb<br \/>\n<b>\u00cdndice de velocidad:<\/b>\u00a0120 km\/75 mi<\/p>\n<table class=\"table\" border=\"0\" width=\"100%\" cellpadding=\"0\">\n<thead>\n<tr class=\"bigicons\">\n<td class=\"thdark\"><strong>Especificaciones<\/strong><\/td>\n<td class=\"thdark\"><strong>C\u00f3digo\/Valor<\/strong><\/td>\n<td class=\"thdark\"><strong>Descripci\u00f3n<\/strong><\/td>\n<\/tr>\n<\/thead>\n<tbody class=\"shop-content\">\n<tr class=\"shop-item even\">\n<td class=\"tdligth tdnameSpecs\">Ancho de secci\u00f3n<\/td>\n<td class=\"tdligth\"><span class=\"htitle\">315 (mm)<\/span><\/td>\n<td class=\"tdligth\"><span class=\"\">La distancia entre el exterior de las paredes laterales de un neum\u00e1tico, sin incluir letras ni dise\u00f1os.<br \/>\n<\/span><\/td>\n<\/tr>\n<tr class=\"shop-item even\">\n<td class=\"tdligth tdnameSpecs\">Perfil<\/td>\n<td class=\"tdligth\"><span class=\"htitle\">80 (%)<\/span><\/td>\n<td class=\"tdligth\"><span class=\"\">El perfil determina la altura de la pared lateral y es un porcentaje del ancho del neum\u00e1tico.<br \/>\n<\/span><\/td>\n<\/tr>\n<tr class=\"shop-item even\">\n<td class=\"tdligth tdnameSpecs\">Construcci\u00f3n<\/td>\n<td class=\"tdligth\"><span class=\"htitle\">R (Radial)<\/span><\/td>\n<td class=\"tdligth\"><span class=\"\">Neum\u00e1tico de construcci\u00f3n radial.<br \/>\n<\/span><\/td>\n<\/tr>\n<tr class=\"shop-item even\">\n<td class=\"tdligth tdnameSpecs\">Diametro<\/td>\n<td class=\"tdligth\"><span class=\"htitle\">22.5 (\u00ab)<\/span><\/td>\n<td class=\"tdligth\"><span class=\"\">Di\u00e1metro del rin medido desde el asiento de ceja hasta el extremo opuesto del mismo.<br \/>\n<\/span><\/td>\n<\/tr>\n<tr class=\"shop-item even\">\n<td class=\"tdligth tdnameSpecs\">\u00cdndice de carga<\/td>\n<td class=\"tdligth\"><span class=\"htitle\">157 (4125kg\/9090lbs)<\/span><\/td>\n<td class=\"tdligth\"><span class=\"\">Carga m\u00e1xima que un\u00a0neum\u00e1tico\u00a0puede soportar cuando se infla a la presi\u00f3n recomendada.<br \/>\n<\/span><\/td>\n<\/tr>\n<tr class=\"shop-item even\">\n<td class=\"tdligth tdnameSpecs\">\u00cdndice de carga dual<\/td>\n<td class=\"tdligth\"><span class=\"htitle\">154 (3750kg\/8270lbs)<\/span><\/td>\n<td class=\"tdligth\"><span class=\"\">Carga m\u00e1xima que un\u00a0neum\u00e1tico\u00a0puede soportar cuando se infla a la presi\u00f3n recomendada en aplicaci\u00f3n dual.<br \/>\n<\/span><\/td>\n<\/tr>\n<tr class=\"shop-item even\">\n<td class=\"tdligth tdnameSpecs\">C\u00f3digo de velocidad<\/td>\n<td class=\"tdligth\"><span class=\"htitle\">L (120km\/h\/75mph)<\/span><\/td>\n<td class=\"tdligth\"><span class=\"\">Velocidad m\u00e1xima a la que un neum\u00e1tico puede rodar con la carga indicada en su \u00edndice de carga.<br \/>\n<\/span><\/td>\n<\/tr>\n<tr class=\"shop-item even\">\n<td class=\"tdligth tdnameSpecs\">Rango de carga<\/td>\n<td class=\"tdligth\"><span class=\"htitle\">L (20 ply)<\/span><\/td>\n<td class=\"tdligth\"><span class=\"\">Capacidad de carga m\u00e1xima que el neum\u00e1tico puede soportar a ciertas presiones de inflado. Tambi\u00e9n define la dureza del neum\u00e1tico y resistencia de la pared lateral.<br \/>\n<\/span><\/td>\n<\/tr>\n<tr class=\"shop-item even\">\n<td class=\"tdligth tdnameSpecs\">TL\/TT<\/td>\n<td class=\"tdligth\"><span class=\"htitle\">TL (Tubeless)<\/span><\/td>\n<td class=\"tdligth\"><span class=\"\">Neum\u00e1tico dise\u00f1ado espec\u00edficamente para adaptarse al rin sin uso de c\u00e1mara.<br \/>\n<\/span><\/td>\n<\/tr>\n<tr class=\"shop-item even\">\n<td class=\"tdligth tdnameSpecs\">N\u00famero de pieza del fabricante<\/td>\n<td class=\"tdligth\"><span class=\"htitle\">0228057620408401158<\/span><\/td>\n<td class=\"tdligth\"><span class=\"\">Designaci\u00f3n alfanum\u00e9rica asignada por un fabricante para identificar de manera \u00fanica un neum\u00e1tico.<\/span><\/td>\n<\/tr>\n<\/tbody>\n<\/table>\n<p><strong>DIRECCION<\/strong>: ANIBAL CELEDON 1234 ARICA<br \/>\n<strong>CORREO ELECTRONICO<\/strong>: neumanor@gmail.com<br \/>\n<strong>TELEFONO:<\/strong><\/p>\n<ul>\n<li>MOISES VENEGAS 56 998700475<\/li>\n<li>CRISTOBAL VENEGAS 56 956448722<\/li>\n<\/ul>\n<\/div>\n","protected":false},"excerpt":{"rendered":"<p>Cami\u00f3n y Autob\u00fas Posici\u00f3n Mixta Profundidad de la banda de rodamiento:18\/32nds \u00cdndice de carga:\u00a04125 kg\/9090 lb \u00cdndice de carga dual:\u00a03750 kg\/8270 lb \u00cdndice de velocidad:\u00a0120 km\/75 mi Especificaciones C\u00f3digo\/Valor Descripci\u00f3n Ancho de secci\u00f3n 315 (mm) La distancia entre el exterior de las paredes laterales de un neum\u00e1tico, sin incluir letras ni dise\u00f1os. Perfil 80 (%) [&hellip;]<\/p>\n","protected":false},"featured_media":166,"comment_status":"open","ping_status":"closed","template":"","meta":{"_et_pb_use_builder":"","_et_pb_old_content":"","_et_gb_content_width":""},"product_brand":[19],"product_cat":[20,21],"product_tag":[],"class_list":{"0":"post-135","1":"product","2":"type-product","3":"status-publish","4":"has-post-thumbnail","6":"product_brand-grandstone","7":"product_cat-camiones","8":"product_cat-camiones-y-autobuses","10":"first","11":"instock","12":"shipping-taxable","13":"product-type-simple"},"_links":{"self":[{"href":"https:\/\/neumanor.cl\/index.php\/wp-json\/wp\/v2\/product\/135","targetHints":{"allow":["GET"]}}],"collection":[{"href":"https:\/\/neumanor.cl\/index.php\/wp-json\/wp\/v2\/product"}],"about":[{"href":"https:\/\/neumanor.cl\/index.php\/wp-json\/wp\/v2\/types\/product"}],"replies":[{"embeddable":true,"href":"https:\/\/neumanor.cl\/index.php\/wp-json\/wp\/v2\/comments?post=135"}],"wp:featuredmedia":[{"embeddable":true,"href":"https:\/\/neumanor.cl\/index.php\/wp-json\/wp\/v2\/media\/166"}],"wp:attachment":[{"href":"https:\/\/neumanor.cl\/index.php\/wp-json\/wp\/v2\/media?parent=135"}],"wp:term":[{"taxonomy":"product_brand","embeddable":true,"href":"https:\/\/neumanor.cl\/index.php\/wp-json\/wp\/v2\/product_brand?post=135"},{"taxonomy":"product_cat","embeddable":true,"href":"https:\/\/neumanor.cl\/index.php\/wp-json\/wp\/v2\/product_cat?post=135"},{"taxonomy":"product_tag","embeddable":true,"href":"https:\/\/neumanor.cl\/index.php\/wp-json\/wp\/v2\/product_tag?post=135"}],"curies":[{"name":"wp","href":"https:\/\/api.w.org\/{rel}","templated":true}]}}